



{"id":1680,"date":"2024-10-23T07:46:27","date_gmt":"2024-10-23T07:46:27","guid":{"rendered":"https:\/\/orangechapter.coersonline.nl\/?page_id=1680"},"modified":"2024-12-13T15:46:40","modified_gmt":"2024-12-13T15:46:40","slug":"veelgestelde-vragen","status":"publish","type":"page","link":"https:\/\/orangechapter.coersonline.nl\/nl\/veelgestelde-vragen\/","title":{"rendered":"Veelgestelde vragen"},"content":{"rendered":"<style>#sp-ea-1679 .spcollapsing { height: 0; overflow: hidden; transition-property: height;transition-duration: 300ms;}#sp-ea-1679.sp-easy-accordion>.sp-ea-single {margin-bottom: 0px; border: 1px solid #474747; }#sp-ea-1679.sp-easy-accordion>.sp-ea-single>.ea-header a {color: #444;}#sp-ea-1679.sp-easy-accordion>.sp-ea-single>.sp-collapse>.ea-body {background: #f1f2f2; color: #444;}#sp-ea-1679.sp-easy-accordion>.sp-ea-single {background: #f1f2f2;}#sp-ea-1679.sp-easy-accordion>.sp-ea-single>.ea-header a .ea-expand-icon { float: left; color: #ff4400;font-size: 16px;}div#sp_easy_accordion-1728974320 \r\n{\r\n    margin-bottom: 80px !important;\r\n}\r\n\r\n#sp-ea-1637.sp-easy-accordion > .sp-ea-single, \r\n#sp-ea-1679.sp-easy-accordion > .sp-ea-single\r\n{\r\n    border: none !important; \r\n    border-bottom: 1px solid #474747 !important; \r\n    border-radius: 0px !important; \r\n}\r\n\r\n.sp-easy-accordion .sp-ea-single .ea-header \r\n{\r\n    padding: 10px 0 10px 0 !important; \r\n}\r\n\r\na[id^=\"ea-header-1637\"], \r\na[id^=\"ea-header-1679\"]\r\n{\r\n    transition: color 0.3s ease !important; \r\n    color: #444 !important; \r\n}\r\n\r\n.ea-header \r\n{\r\n    text-shadow: none !important;\r\n}\r\n\r\na[id^=\"ea-header-1637\"]:hover, \r\na[id^=\"ea-header-1679\"]:hover\r\n{\r\n    color: #FF4400 !important; \r\n}\r\n\r\na[id^=\"ea-header-1637\"][aria-expanded=\"true\"], \r\na[id^=\"ea-header-1679\"][aria-expanded=\"true\"]\r\n{\r\n    color: #FF4400 !important; \r\n}\r\n\r\n@media only screen and (max-width: 768px) \r\n{\r\n    #sp-ea-1637.sp-easy-accordion > .sp-ea-single > .ea-header a, \r\n    #sp-ea-1679.sp-easy-accordion > .sp-ea-single > .ea-header a \r\n    {\r\n        font-size: 15px !important; \r\n        padding: 10px 0 10px 0 !important;\r\n    }   \r\n}<\/style><div id=\"sp_easy_accordion-1728974320\"><div id=\"sp-ea-1679\" class=\"sp-ea-one sp-easy-accordion\" data-ea-active=\"ea-click\" data-ea-mode=\"vertical\" data-preloader=\"\" data-scroll-active-item=\"\" data-offset-to-scroll=\"0\"><div class=\"ea-card sp-ea-single\"><h3 class=\"ea-header\"><a class=\"collapsed\" id=\"ea-header-16790\" role=\"button\" data-sptoggle=\"spcollapse\" data-sptarget=\"#collapse16790\" aria-controls=\"collapse16790\" href=\"#\" aria-expanded=\"false\" tabindex=\"0\"><i aria-hidden=\"true\" role=\"presentation\" class=\"ea-expand-icon eap-icon-ea-expand-plus\"><\/i> 1. Kan ik meedoen aan uw programma met mijn echtgenoot en kinderen?<\/a><\/h3><div class=\"sp-collapse spcollapse spcollapse\" id=\"collapse16790\" data-parent=\"#sp-ea-1679\" role=\"region\" aria-labelledby=\"ea-header-16790\"> <div class=\"ea-body\"><p>Absoluut! Veel van onze tandartsen verhuizen zelfs naar Nederland om een betere toekomst voor hun gezinnen te cre\u00ebren. We helpen u graag om dit mogelijk te maken. Houd er echter rekening mee dat het taalprogramma intensief is en een fulltime inzet vereist gedurende 6 maanden, zowel online als op locatie. We staan klaar om u te ondersteunen bij het organiseren van alles, dus bespreek gerust uw situatie met ons en samen zullen we de beste oplossingen voor u en uw gezin vinden.<\/p><\/div><\/div><\/div><div class=\"ea-card sp-ea-single\"><h3 class=\"ea-header\"><a class=\"collapsed\" id=\"ea-header-16791\" role=\"button\" data-sptoggle=\"spcollapse\" data-sptarget=\"#collapse16791\" aria-controls=\"collapse16791\" href=\"#\" aria-expanded=\"false\" tabindex=\"0\"><i aria-hidden=\"true\" role=\"presentation\" class=\"ea-expand-icon eap-icon-ea-expand-plus\"><\/i> 2. Kan ik kiezen waar ik wil wonen?<\/a><\/h3><div class=\"sp-collapse spcollapse spcollapse\" id=\"collapse16791\" data-parent=\"#sp-ea-1679\" role=\"region\" aria-labelledby=\"ea-header-16791\"> <div class=\"ea-body\"><p>Ja, u heeft volledige vrijheid om te kiezen waar u wilt wonen. We zijn echter verantwoordelijk voor het vinden van de juiste tandartspraktijk voor u, en we streven ernaar om u te koppelen aan een kliniek die het beste bij uw profiel past. Zodra dat is geregeld, is het aan u om te beslissen of u dicht bij de kliniek wilt wonen of in een andere stad of plaats. U kunt ook beslissen of u met de auto of met het openbaar vervoer wilt reizen, als dat een optie is in uw omgeving.<\/p><\/div><\/div><\/div><div class=\"ea-card sp-ea-single\"><h3 class=\"ea-header\"><a class=\"collapsed\" id=\"ea-header-16792\" role=\"button\" data-sptoggle=\"spcollapse\" data-sptarget=\"#collapse16792\" aria-controls=\"collapse16792\" href=\"#\" aria-expanded=\"false\" tabindex=\"0\"><i aria-hidden=\"true\" role=\"presentation\" class=\"ea-expand-icon eap-icon-ea-expand-plus\"><\/i> 3: Passende woning zoeken<\/a><\/h3><div class=\"sp-collapse spcollapse spcollapse\" id=\"collapse16792\" data-parent=\"#sp-ea-1679\" role=\"region\" aria-labelledby=\"ea-header-16792\"> <div class=\"ea-body\"><p>Wij helpen kandidaten bij het vinden van passende huisvesting in Nederland. Onze relocation specialist biedt advies en begeleiding tijdens het gehele proces, inclusief hulp bij de zoektocht en bezichtigingen. Samen gaan jullie op zoek naar een geschikte woning.<\/p><\/div><\/div><\/div><div class=\"ea-card sp-ea-single\"><h3 class=\"ea-header\"><a class=\"collapsed\" id=\"ea-header-16793\" role=\"button\" data-sptoggle=\"spcollapse\" data-sptarget=\"#collapse16793\" aria-controls=\"collapse16793\" href=\"#\" aria-expanded=\"false\" tabindex=\"0\"><i aria-hidden=\"true\" role=\"presentation\" class=\"ea-expand-icon eap-icon-ea-expand-plus\"><\/i> 4. Zijn Nederlanders echt zo open en direct in hun communicatie als men zegt?<\/a><\/h3><div class=\"sp-collapse spcollapse spcollapse\" id=\"collapse16793\" data-parent=\"#sp-ea-1679\" role=\"region\" aria-labelledby=\"ea-header-16793\"> <div class=\"ea-body\"><p>Ja, Nederlanders staan inderdaad bekend om hun directe communicatiestijl. Hoewel sommige culturen dit kunnen interpreteren als \"onbeleefd\" of \"grof\", is het niet bedoeld om te kwetsen. De Nederlanders hechten juist veel waarde aan effici\u00ebntie en eerlijkheid, zowel op het werk als wanneer ze informeel een vriend feedback geven, bijvoorbeeld over een nieuw kapsel. Open communicatie wordt sterk gewaardeerd in de Nederlandse cultuur, waar iedereen wordt aangemoedigd om zijn mening te uiten. Of u nu beslissingen neemt op het werk, plannen maakt met vrienden of het avondeten kiest, duidelijke communicatie is cruciaal. Door de taal te leren kunt u zich effectiever uitdrukken bij Nederlandse collega's en vrienden.<\/p><\/div><\/div><\/div><div class=\"ea-card sp-ea-single\"><h3 class=\"ea-header\"><a class=\"collapsed\" id=\"ea-header-16794\" role=\"button\" data-sptoggle=\"spcollapse\" data-sptarget=\"#collapse16794\" aria-controls=\"collapse16794\" href=\"#\" aria-expanded=\"false\" tabindex=\"0\"><i aria-hidden=\"true\" role=\"presentation\" class=\"ea-expand-icon eap-icon-ea-expand-plus\"><\/i> 5. Is het gemakkelijk om vriendschappen te sluiten in Nederland?<\/a><\/h3><div class=\"sp-collapse spcollapse spcollapse\" id=\"collapse16794\" data-parent=\"#sp-ea-1679\" role=\"region\" aria-labelledby=\"ea-header-16794\"> <div class=\"ea-body\"><p>Nederlanders zijn over het algemeen vriendelijk, sociaal en open voor nieuwe contacten, maar ze hechten ook waarde aan hun privacy en persoonlijke tijd. Op het werk zullen collega's waarschijnlijk graag kennis met u maken, en door open te staan voor uitnodigingen kunt u gemakkelijk vriendschappen opbouwen. Zelf uitnodigingen doen, zoals voor een diner of een uitje, wordt ook gewaardeerd\u2014houd er wel rekening mee dat Nederlanders vaak vooruit plannen.<\/p><p>In het begin zult u misschien meer contact hebben met andere expats, wat heel normaal is bij het settelen in een nieuw land. Hoewel het tijd kan kosten om relaties met de lokale bevolking op te bouwen, kan deelnemen aan activiteiten zoals sport, clubs of vrijwilligerswerk u helpen nieuwe mensen te ontmoeten en u meer verbonden te voelen met de cultuur.<\/p><p>&nbsp;<\/p><\/div><\/div><\/div><div class=\"ea-card sp-ea-single\"><h3 class=\"ea-header\"><a class=\"collapsed\" id=\"ea-header-16795\" role=\"button\" data-sptoggle=\"spcollapse\" data-sptarget=\"#collapse16795\" aria-controls=\"collapse16795\" href=\"#\" aria-expanded=\"false\" tabindex=\"0\"><i aria-hidden=\"true\" role=\"presentation\" class=\"ea-expand-icon eap-icon-ea-expand-plus\"><\/i> 6. Wat is BIG-registratie?<\/a><\/h3><div class=\"sp-collapse spcollapse spcollapse\" id=\"collapse16795\" data-parent=\"#sp-ea-1679\" role=\"region\" aria-labelledby=\"ea-header-16795\"> <div class=\"ea-body\"><p>BIG-registratie is een verplicht, wettelijk online openbaar register waarin zorgverleners in Nederland zich moeten inschrijven om zelfstandig te kunnen werken. BIG staat voor Beroepen in de Individuele Gezondheidszorg. Zodra u bent geregistreerd, ontvangt u een uniek registratienummer waarmee u uw beroep legaal kunt uitoefenen. Als u een buitenlandse tandarts bent, is het slagen voor het Nederlandse taalexamen voor medische professionals een vereiste om het BIG-registratieproces te voltooien.<\/p><\/div><\/div><\/div><div class=\"ea-card sp-ea-single\"><h3 class=\"ea-header\"><a class=\"collapsed\" id=\"ea-header-16796\" role=\"button\" data-sptoggle=\"spcollapse\" data-sptarget=\"#collapse16796\" aria-controls=\"collapse16796\" href=\"#\" aria-expanded=\"false\" tabindex=\"0\"><i aria-hidden=\"true\" role=\"presentation\" class=\"ea-expand-icon eap-icon-ea-expand-plus\"><\/i> 7. Welke mogelijkheden zijn er om door te groeien?<\/a><\/h3><div class=\"sp-collapse spcollapse spcollapse\" id=\"collapse16796\" data-parent=\"#sp-ea-1679\" role=\"region\" aria-labelledby=\"ea-header-16796\"> <div class=\"ea-body\"><p>Veel praktijken in Nederland bieden doorgroeimogelijkheden en voortdurende bijscholing.<\/p><\/div><\/div><\/div><div class=\"ea-card sp-ea-single\"><h3 class=\"ea-header\"><a class=\"collapsed\" id=\"ea-header-16797\" role=\"button\" data-sptoggle=\"spcollapse\" data-sptarget=\"#collapse16797\" aria-controls=\"collapse16797\" href=\"#\" aria-expanded=\"false\" tabindex=\"0\"><i aria-hidden=\"true\" role=\"presentation\" class=\"ea-expand-icon eap-icon-ea-expand-plus\"><\/i> 8. Is het mogelijk om in Nederland te werken zonder BIG-registratie?<\/a><\/h3><div class=\"sp-collapse spcollapse spcollapse\" id=\"collapse16797\" data-parent=\"#sp-ea-1679\" role=\"region\" aria-labelledby=\"ea-header-16797\"> <div class=\"ea-body\"><p>U kunt onder supervisie werken voor een beperkte periode als u nog geen BIG-registratie heeft.<\/p><\/div><\/div><\/div><div class=\"ea-card sp-ea-single\"><h3 class=\"ea-header\"><a class=\"collapsed\" id=\"ea-header-16798\" role=\"button\" data-sptoggle=\"spcollapse\" data-sptarget=\"#collapse16798\" aria-controls=\"collapse16798\" href=\"#\" aria-expanded=\"false\" tabindex=\"0\"><i aria-hidden=\"true\" role=\"presentation\" class=\"ea-expand-icon eap-icon-ea-expand-plus\"><\/i> 9. Welke documenten heb ik nodig om me te registreren bij het BIG?<\/a><\/h3><div class=\"sp-collapse spcollapse spcollapse\" id=\"collapse16798\" data-parent=\"#sp-ea-1679\" role=\"region\" aria-labelledby=\"ea-header-16798\"> <div class=\"ea-body\"><p>De vereiste documenten voor BIG-registratie hangen deels af van het land waar u uw diploma heeft behaald, aangezien sommige landen extra documenten vereisen. De algemene documenten die u nodig zult hebben, zijn:<\/p><p>Origineel diploma of een gewaarmerkte kopie<br \/>Diplomasupplement (origineel\/gewaarmerkte kopie met vertaling)<br \/>Verklaring Omtrent het Gedrag (VOG) uit alle landen waar u heeft gestudeerd, gewerkt of gewoond<br \/>Certificate of Current Professional Status (C.C.P.S.) van de gezondheidsautoriteit of tandheelkundige raad van elk land waar u heeft gestudeerd en\/of gewerkt<br \/>Als u alleen in een land heeft gestudeerd, heeft u een Niet-Registratiebrief nodig van dezelfde autoriteit<br \/>Actueel CV<br \/>Kopie van uw ID of paspoort<br \/>Bewijs van het behalen van het Nederlandse taalexamen (niveau B2+)<br \/>Als u meer dan vijf jaar geleden bent afgestudeerd, is een verklaring van uw werkgever(s) vereist<\/p><\/div><\/div><\/div><div class=\"ea-card sp-ea-single\"><h3 class=\"ea-header\"><a class=\"collapsed\" id=\"ea-header-16799\" role=\"button\" data-sptoggle=\"spcollapse\" data-sptarget=\"#collapse16799\" aria-controls=\"collapse16799\" href=\"#\" aria-expanded=\"false\" tabindex=\"0\"><i aria-hidden=\"true\" role=\"presentation\" class=\"ea-expand-icon eap-icon-ea-expand-plus\"><\/i> 10. Hoelang duurt het BIG-registratieproces meestal?<\/a><\/h3><div class=\"sp-collapse spcollapse spcollapse\" id=\"collapse16799\" data-parent=\"#sp-ea-1679\" role=\"region\" aria-labelledby=\"ea-header-16799\"> <div class=\"ea-body\"><p>De duur van het BIG-registratieproces varieert afhankelijk van uw nationaliteit en waar u uw tandheelkundige kwalificatie heeft behaald. Voor de meeste kandidaten met zowel een diploma als een nationaliteit binnen de EU kan het proces tot 12 weken duren vanaf het moment van aanvraag. Vertragingen kunnen optreden als er documenten of informatie ontbreken en later moeten worden ingediend. Als alle documenten echter compleet en in orde zijn, duurt het proces vaak minder dan 12 weken.<\/p><\/div><\/div><\/div><div class=\"ea-card sp-ea-single\"><h3 class=\"ea-header\"><a class=\"collapsed\" id=\"ea-header-167910\" role=\"button\" data-sptoggle=\"spcollapse\" data-sptarget=\"#collapse167910\" aria-controls=\"collapse167910\" href=\"#\" aria-expanded=\"false\" tabindex=\"0\"><i aria-hidden=\"true\" role=\"presentation\" class=\"ea-expand-icon eap-icon-ea-expand-plus\"><\/i> 11. Wat zijn de kosten voor het levensonderhoud in Nederland<\/a><\/h3><div class=\"sp-collapse spcollapse spcollapse\" id=\"collapse167910\" data-parent=\"#sp-ea-1679\" role=\"region\" aria-labelledby=\"ea-header-167910\"> <div class=\"ea-body\"><div class=\"flex max-w-full flex-col flex-grow\"><div class=\"min-h-8 text-message flex w-full flex-col items-end gap-2 whitespace-normal break-words [.text-message+&amp;]:mt-5\" dir=\"auto\" data-message-author-role=\"assistant\" data-message-id=\"fff861d5-cf5b-4c90-9c84-b728ee8e17ef\" data-message-model-slug=\"gpt-4o\"><div class=\"flex w-full flex-col gap-1 empty:hidden first:pt-[3px]\"><div class=\"markdown prose w-full break-words dark:prose-invert dark\"><p>De kosten voor levensonderhoud in Nederland vari\u00ebren afhankelijk van uw levensstijl en woonplaats. Gemiddeld liggen de maandelijkse kosten voor \u00e9\u00e9n persoon tussen de \u20ac1.000 en \u20ac1.500, inclusief huur, boodschappen, vervoer en andere uitgaven.<\/p><p>&nbsp;<\/p><\/div><p>***Kosten van levensonderhoud in Nederland, van huur tot kinderopvang tot zorg:<\/p><blockquote class=\"wp-embedded-content\" data-secret=\"ZLvY5XkRmx\"><p><a href=\"https:\/\/robin.jobs\/work-abroad\/cost-of-living-in-the-netherlands\">The Cost of Living in the Netherlands in 2024: A Comprehensive Guide for Single Individuals &#038; Couples<\/a><\/p><\/blockquote><p><iframe loading=\"lazy\" class=\"wp-embedded-content\" sandbox=\"allow-scripts\" security=\"restricted\" style=\"position: absolute; visibility: hidden;\" title=\"&#8220;The Cost of Living in the Netherlands in 2024: A Comprehensive Guide for Single Individuals &#038; Couples&#8221; &#8212; Robin.jobs\" src=\"https:\/\/robin.jobs\/work-abroad\/cost-of-living-in-the-netherlands\/embed#?secret=EFmES12Fga#?secret=ZLvY5XkRmx\" data-secret=\"ZLvY5XkRmx\" width=\"500\" height=\"282\" frameborder=\"0\" marginwidth=\"0\" marginheight=\"0\" scrolling=\"no\"><\/iframe><\/p><\/div><\/div><\/div><div class=\"mb-2 flex gap-3 empty:hidden -ml-2\"><div class=\"items-center justify-start rounded-xl p-1 flex\"><div class=\"flex items-center\"><p>&nbsp;<\/p><div class=\"flex items-center pb-0\"><\/div><\/div><\/div><\/div><\/div><\/div><\/div><div class=\"ea-card sp-ea-single\"><h3 class=\"ea-header\"><a class=\"collapsed\" id=\"ea-header-167911\" role=\"button\" data-sptoggle=\"spcollapse\" data-sptarget=\"#collapse167911\" aria-controls=\"collapse167911\" href=\"#\" aria-expanded=\"false\" tabindex=\"0\"><i aria-hidden=\"true\" role=\"presentation\" class=\"ea-expand-icon eap-icon-ea-expand-plus\"><\/i> 13. Wat is de duur van de samenwerkingsperiode?<\/a><\/h3><div class=\"sp-collapse spcollapse spcollapse\" id=\"collapse167911\" data-parent=\"#sp-ea-1679\" role=\"region\" aria-labelledby=\"ea-header-167911\"> <div class=\"ea-body\"><p>Er is geen vaste einddatum, omdat wij een contract voor onbepaalde tijd aanbieden. We vragen echter wel om een minimale commitment van 2 tot 3 jaar, zodat wij de vooraf gemaakte investeringen kunnen terugverdienen.<\/p><\/div><\/div><\/div><div class=\"ea-card sp-ea-single\"><h3 class=\"ea-header\"><a class=\"collapsed\" id=\"ea-header-167912\" role=\"button\" data-sptoggle=\"spcollapse\" data-sptarget=\"#collapse167912\" aria-controls=\"collapse167912\" href=\"#\" aria-expanded=\"false\" tabindex=\"0\"><i aria-hidden=\"true\" role=\"presentation\" class=\"ea-expand-icon eap-icon-ea-expand-plus\"><\/i> 13. Welke belastingregelingen zijn er in Nederland voor expats?<\/a><\/h3><div class=\"sp-collapse spcollapse spcollapse\" id=\"collapse167912\" data-parent=\"#sp-ea-1679\" role=\"region\" aria-labelledby=\"ea-header-167912\"> <div class=\"ea-body\"><p>Wij informeren je over belastingvoordelen zoals de 28%-regeling, die je netto inkomen kan verhogen.<\/p><\/div><\/div><\/div><div class=\"ea-card sp-ea-single\"><h3 class=\"ea-header\"><a class=\"collapsed\" id=\"ea-header-167913\" role=\"button\" data-sptoggle=\"spcollapse\" data-sptarget=\"#collapse167913\" aria-controls=\"collapse167913\" href=\"#\" aria-expanded=\"false\" tabindex=\"0\"><i aria-hidden=\"true\" role=\"presentation\" class=\"ea-expand-icon eap-icon-ea-expand-plus\"><\/i> 14. Zijn er specifieke contractuele verplichtingen?<\/a><\/h3><div class=\"sp-collapse spcollapse spcollapse\" id=\"collapse167913\" data-parent=\"#sp-ea-1679\" role=\"region\" aria-labelledby=\"ea-header-167913\"> <div class=\"ea-body\"><p>Wij leggen je alle voorwaarden van het contract duidelijk uit, inclusief arbeidsduur, proefperiode, en opzegmogelijkheden.<\/p><\/div><\/div><\/div><div class=\"ea-card sp-ea-single\"><h3 class=\"ea-header\"><a class=\"collapsed\" id=\"ea-header-167914\" role=\"button\" data-sptoggle=\"spcollapse\" data-sptarget=\"#collapse167914\" aria-controls=\"collapse167914\" href=\"#\" aria-expanded=\"false\" tabindex=\"0\"><i aria-hidden=\"true\" role=\"presentation\" class=\"ea-expand-icon eap-icon-ea-expand-plus\"><\/i> 15. Hoe is het salaris van een tandarts in Nederland?<\/a><\/h3><div class=\"sp-collapse spcollapse spcollapse\" id=\"collapse167914\" data-parent=\"#sp-ea-1679\" role=\"region\" aria-labelledby=\"ea-header-167914\"> <div class=\"ea-body\"><p>Het salaris hangt af van ervaring, locatie en de praktijk. Wij bieden een salarisindicatie op basis van je profiel en ervaring.<\/p><\/div><\/div><\/div><div class=\"ea-card sp-ea-single\"><h3 class=\"ea-header\"><a class=\"collapsed\" id=\"ea-header-167915\" role=\"button\" data-sptoggle=\"spcollapse\" data-sptarget=\"#collapse167915\" aria-controls=\"collapse167915\" href=\"#\" aria-expanded=\"false\" tabindex=\"0\"><i aria-hidden=\"true\" role=\"presentation\" class=\"ea-expand-icon eap-icon-ea-expand-plus\"><\/i> 16. Welke praktijken werken met Orange Chapter Recruitment?<\/a><\/h3><div class=\"sp-collapse spcollapse spcollapse\" id=\"collapse167915\" data-parent=\"#sp-ea-1679\" role=\"region\" aria-labelledby=\"ea-header-167915\"> <div class=\"ea-body\"><p style=\"font-weight: 400\">Wij werken met een breed netwerk aan tandartspraktijken in heel Nederland, van grote ketens tot kleinere priv\u00e9 praktijken.<\/p><\/div><\/div><\/div><div class=\"ea-card sp-ea-single\"><h3 class=\"ea-header\"><a class=\"collapsed\" id=\"ea-header-167916\" role=\"button\" data-sptoggle=\"spcollapse\" data-sptarget=\"#collapse167916\" aria-controls=\"collapse167916\" href=\"#\" aria-expanded=\"false\" tabindex=\"0\"><i aria-hidden=\"true\" role=\"presentation\" class=\"ea-expand-icon eap-icon-ea-expand-plus\"><\/i> 17. Hoe lang duurt het proces om in Nederland te kunnen werken?<\/a><\/h3><div class=\"sp-collapse spcollapse spcollapse\" id=\"collapse167916\" data-parent=\"#sp-ea-1679\" role=\"region\" aria-labelledby=\"ea-header-167916\"> <div class=\"ea-body\"><p>Het volledige proces kan vari\u00ebren, maar duurt meestal tussen de 5 en 8 maanden, afhankelijk van taalbeheersing en andere voorbereidingen.<\/p><\/div><\/div><\/div><div class=\"ea-card sp-ea-single\"><h3 class=\"ea-header\"><a class=\"collapsed\" id=\"ea-header-167917\" role=\"button\" data-sptoggle=\"spcollapse\" data-sptarget=\"#collapse167917\" aria-controls=\"collapse167917\" href=\"#\" aria-expanded=\"false\" tabindex=\"0\"><i aria-hidden=\"true\" role=\"presentation\" class=\"ea-expand-icon eap-icon-ea-expand-plus\"><\/i> 18. Worden reis- en verhuiskosten vergoed?<\/a><\/h3><div class=\"sp-collapse spcollapse spcollapse\" id=\"collapse167917\" data-parent=\"#sp-ea-1679\" role=\"region\" aria-labelledby=\"ea-header-167917\"> <div class=\"ea-body\"><p>In sommige gevallen vergoedt de werkgever een deel van de reis- en verhuiskosten. Dit bespreken we graag met je tijdens het bemiddelingsproces.<\/p><\/div><\/div><\/div><\/div><\/div>\n\n\n\n<h3 class=\"wp-block-heading has-text-align-center\">Onze Partners<\/h3>\n\n\n\n<div class=\"wp-block-columns is-layout-flex wp-container-core-columns-is-layout-9d6595d7 wp-block-columns-is-layout-flex\">\n<div class=\"wp-block-column is-vertically-aligned-center is-layout-flow wp-block-column-is-layout-flow\"><div class=\"wp-block-image\">\n<figure class=\"aligncenter size-full is-resized\"><a href=\"https:\/\/livhousing.nl\/\"><img loading=\"lazy\" decoding=\"async\" width=\"362\" height=\"130\" src=\"https:\/\/orangechapter.coersonline.nl\/wp-content\/uploads\/2024\/11\/Untitled-1-1.png\" alt=\"\" class=\"wp-image-1901\" style=\"width:118px;height:auto\" srcset=\"https:\/\/orangechapter.coersonline.nl\/wp-content\/uploads\/2024\/11\/Untitled-1-1.png 362w, https:\/\/orangechapter.coersonline.nl\/wp-content\/uploads\/2024\/11\/Untitled-1-1-300x108.png 300w\" sizes=\"auto, (max-width: 362px) 100vw, 362px\" \/><\/a><\/figure><\/div><\/div>\n\n\n\n<div class=\"wp-block-column is-vertically-aligned-center is-layout-flow wp-block-column-is-layout-flow\"><div class=\"wp-block-image\">\n<figure class=\"aligncenter size-full is-resized\"><a href=\"https:\/\/andreeaberkhout.com\/en\"><img loading=\"lazy\" decoding=\"async\" width=\"790\" height=\"133\" src=\"https:\/\/orangechapter.coersonline.nl\/wp-content\/uploads\/2024\/11\/Untitled-2-1.png\" alt=\"\" class=\"wp-image-1899\" style=\"width:194px;height:auto\" srcset=\"https:\/\/orangechapter.coersonline.nl\/wp-content\/uploads\/2024\/11\/Untitled-2-1.png 790w, https:\/\/orangechapter.coersonline.nl\/wp-content\/uploads\/2024\/11\/Untitled-2-1-300x51.png 300w, https:\/\/orangechapter.coersonline.nl\/wp-content\/uploads\/2024\/11\/Untitled-2-1-768x129.png 768w, https:\/\/orangechapter.coersonline.nl\/wp-content\/uploads\/2024\/11\/Untitled-2-1-480x81.png 480w\" sizes=\"auto, (max-width: 790px) 100vw, 790px\" \/><\/a><\/figure><\/div><\/div>\n\n\n\n<div class=\"wp-block-column is-vertically-aligned-center is-layout-flow wp-block-column-is-layout-flow\"><div class=\"wp-block-image\">\n<figure class=\"aligncenter size-full is-resized\"><a href=\"https:\/\/househunting.nl\/\"><img loading=\"lazy\" decoding=\"async\" width=\"692\" height=\"236\" src=\"https:\/\/orangechapter.coersonline.nl\/wp-content\/uploads\/2024\/11\/Untitled-4.png\" alt=\"\" class=\"wp-image-1905\" style=\"width:160px;height:auto\" srcset=\"https:\/\/orangechapter.coersonline.nl\/wp-content\/uploads\/2024\/11\/Untitled-4.png 692w, https:\/\/orangechapter.coersonline.nl\/wp-content\/uploads\/2024\/11\/Untitled-4-300x102.png 300w, https:\/\/orangechapter.coersonline.nl\/wp-content\/uploads\/2024\/11\/Untitled-4-480x164.png 480w\" sizes=\"auto, (max-width: 692px) 100vw, 692px\" \/><\/a><\/figure><\/div><\/div>\n\n\n\n<div class=\"wp-block-column is-vertically-aligned-center is-layout-flow wp-block-column-is-layout-flow\"><div class=\"wp-block-image\">\n<figure class=\"aligncenter size-full is-resized\"><a href=\"https:\/\/www.defact-o.nl\/\"><img loading=\"lazy\" decoding=\"async\" width=\"301\" height=\"214\" src=\"https:\/\/orangechapter.coersonline.nl\/wp-content\/uploads\/2024\/11\/Untitled-3.png\" alt=\"\" class=\"wp-image-1903\" style=\"width:101px;height:auto\"\/><\/a><\/figure><\/div><\/div>\n\n\n\n<div class=\"wp-block-column is-vertically-aligned-center is-layout-flow wp-block-column-is-layout-flow\"><div class=\"wp-block-image\">\n<figure class=\"aligncenter size-full is-resized\"><a href=\"https:\/\/taxglobalizers.com\/nl\"><img loading=\"lazy\" decoding=\"async\" width=\"798\" height=\"379\" src=\"https:\/\/orangechapter.coersonline.nl\/wp-content\/uploads\/2024\/12\/Tax-Globalizers.png\" alt=\"\" class=\"wp-image-1974\" style=\"width:122px;height:auto\" srcset=\"https:\/\/orangechapter.coersonline.nl\/wp-content\/uploads\/2024\/12\/Tax-Globalizers.png 798w, https:\/\/orangechapter.coersonline.nl\/wp-content\/uploads\/2024\/12\/Tax-Globalizers-300x142.png 300w, https:\/\/orangechapter.coersonline.nl\/wp-content\/uploads\/2024\/12\/Tax-Globalizers-768x365.png 768w, https:\/\/orangechapter.coersonline.nl\/wp-content\/uploads\/2024\/12\/Tax-Globalizers-480x228.png 480w\" sizes=\"auto, (max-width: 798px) 100vw, 798px\" \/><\/a><\/figure><\/div><\/div>\n<\/div>\n\n\n\n<div style=\"height:140px\" aria-hidden=\"true\" class=\"wp-block-spacer\"><\/div>\n","protected":false},"excerpt":{"rendered":"<p>Onze Partners<\/p>\n","protected":false},"author":1,"featured_media":921,"parent":0,"menu_order":0,"comment_status":"closed","ping_status":"closed","template":"","meta":{"_acf_changed":false,"_seopress_robots_primary_cat":"","_seopress_titles_title":"","_seopress_titles_desc":"","_seopress_robots_index":"","footnotes":""},"class_list":["post-1680","page","type-page","status-publish","has-post-thumbnail","hentry"],"acf":[],"_links":{"self":[{"href":"https:\/\/orangechapter.coersonline.nl\/nl\/wp-json\/wp\/v2\/pages\/1680","targetHints":{"allow":["GET"]}}],"collection":[{"href":"https:\/\/orangechapter.coersonline.nl\/nl\/wp-json\/wp\/v2\/pages"}],"about":[{"href":"https:\/\/orangechapter.coersonline.nl\/nl\/wp-json\/wp\/v2\/types\/page"}],"author":[{"embeddable":true,"href":"https:\/\/orangechapter.coersonline.nl\/nl\/wp-json\/wp\/v2\/users\/1"}],"replies":[{"embeddable":true,"href":"https:\/\/orangechapter.coersonline.nl\/nl\/wp-json\/wp\/v2\/comments?post=1680"}],"version-history":[{"count":6,"href":"https:\/\/orangechapter.coersonline.nl\/nl\/wp-json\/wp\/v2\/pages\/1680\/revisions"}],"predecessor-version":[{"id":2016,"href":"https:\/\/orangechapter.coersonline.nl\/nl\/wp-json\/wp\/v2\/pages\/1680\/revisions\/2016"}],"wp:featuredmedia":[{"embeddable":true,"href":"https:\/\/orangechapter.coersonline.nl\/nl\/wp-json\/wp\/v2\/media\/921"}],"wp:attachment":[{"href":"https:\/\/orangechapter.coersonline.nl\/nl\/wp-json\/wp\/v2\/media?parent=1680"}],"curies":[{"name":"wp","href":"https:\/\/api.w.org\/{rel}","templated":true}]}}